{"id":4361,"date":"2022-11-06T14:42:08","date_gmt":"2022-11-06T14:42:08","guid":{"rendered":"https:\/\/themetesting.devsvibe.com\/?page_id=4361"},"modified":"2023-08-02T13:48:32","modified_gmt":"2023-08-02T13:48:32","slug":"contact","status":"publish","type":"page","link":"https:\/\/na9ra-online.com\/en\/contact\/","title":{"rendered":"Contact US"},"content":{"rendered":"<div data-elementor-type=\"wp-page\" data-elementor-id=\"4361\" class=\"elementor elementor-4361\" data-elementor-post-type=\"page\">\n\t\t\t\t\t\t<section class=\"elementor-section elementor-top-section elementor-element elementor-element-a3b7a6f elementor-section-boxed elementor-section-height-default elementor-section-height-default\" data-id=\"a3b7a6f\" data-element_type=\"section\">\n\t\t\t\t\t\t<div class=\"elementor-container elementor-column-gap-extended\">\n\t\t\t\t\t<div class=\"elementor-column elementor-col-100 elementor-top-column elementor-element elementor-element-f08a70d\" data-id=\"f08a70d\" data-element_type=\"column\">\n\t\t\t<div class=\"elementor-widget-wrap elementor-element-populated\">\n\t\t\t\t\t\t<section class=\"elementor-section elementor-inner-section elementor-element elementor-element-e7e399e elementor-section-full_width elementor-section-height-default elementor-section-height-default\" data-id=\"e7e399e\" data-element_type=\"section\">\n\t\t\t\t\t\t<div class=\"elementor-container elementor-column-gap-no\">\n\t\t\t\t\t<div class=\"elementor-column elementor-col-50 elementor-inner-column elementor-element elementor-element-06a481e\" data-id=\"06a481e\" data-element_type=\"column\">\n\t\t\t<div class=\"elementor-widget-wrap elementor-element-populated\">\n\t\t\t\t\t\t<section class=\"elementor-section elementor-inner-section elementor-element elementor-element-2883699 elementor-section-boxed elementor-section-height-default elementor-section-height-default\" data-id=\"2883699\" data-element_type=\"section\">\n\t\t\t\t\t\t<div class=\"elementor-container elementor-column-gap-no\">\n\t\t\t\t\t<div class=\"elementor-column elementor-col-50 elementor-inner-column elementor-element elementor-element-568ac8f\" data-id=\"568ac8f\" data-element_type=\"column\" data-settings=\"{&quot;background_background&quot;:&quot;classic&quot;}\">\n\t\t\t<div class=\"elementor-widget-wrap\">\n\t\t\t\t\t\t\t<\/div>\n\t\t<\/div>\n\t\t\t\t<div class=\"elementor-column elementor-col-50 elementor-inner-column elementor-element elementor-element-0f76d36\" data-id=\"0f76d36\" data-element_type=\"column\" data-settings=\"{&quot;background_background&quot;:&quot;classic&quot;}\">\n\t\t\t<div class=\"elementor-widget-wrap\">\n\t\t\t\t\t\t\t<\/div>\n\t\t<\/div>\n\t\t\t\t\t<\/div>\n\t\t<\/section>\n\t\t\t\t<section class=\"elementor-section elementor-inner-section elementor-element elementor-element-83b8843 elementor-section-boxed elementor-section-height-default elementor-section-height-default\" data-id=\"83b8843\" data-element_type=\"section\">\n\t\t\t\t\t\t<div class=\"elementor-container elementor-column-gap-no\">\n\t\t\t\t\t<div class=\"elementor-column elementor-col-50 elementor-inner-column elementor-element elementor-element-07cd3a2\" data-id=\"07cd3a2\" data-element_type=\"column\" data-settings=\"{&quot;background_background&quot;:&quot;classic&quot;}\">\n\t\t\t<div class=\"elementor-widget-wrap\">\n\t\t\t\t\t\t\t<\/div>\n\t\t<\/div>\n\t\t\t\t<div class=\"elementor-column elementor-col-50 elementor-inner-column elementor-element elementor-element-113565f\" data-id=\"113565f\" data-element_type=\"column\" data-settings=\"{&quot;background_background&quot;:&quot;classic&quot;}\">\n\t\t\t<div class=\"elementor-widget-wrap\">\n\t\t\t\t\t\t\t<\/div>\n\t\t<\/div>\n\t\t\t\t\t<\/div>\n\t\t<\/section>\n\t\t\t\t<div class=\"elementor-element elementor-element-2420d9b elementor-widget__width-auto elementor-absolute elementor-hidden-tablet elementor-hidden-mobile elementor-widget elementor-widget-image\" data-id=\"2420d9b\" data-element_type=\"widget\" data-settings=\"{&quot;_position&quot;:&quot;absolute&quot;}\" data-widget_type=\"image.default\">\n\t\t\t\t<div class=\"elementor-widget-container\">\n\t\t\t\t\t\t\t\t\t\t\t\t\t\t\t<img decoding=\"async\" width=\"87\" height=\"116\" src=\"https:\/\/na9ra-online.com\/wp-content\/uploads\/2022\/10\/shape-04-01-2.png\" class=\"attachment-large size-large wp-image-666\" alt=\"\" \/>\t\t\t\t\t\t\t\t\t\t\t\t\t\t\t<\/div>\n\t\t\t\t<\/div>\n\t\t\t\t\t<\/div>\n\t\t<\/div>\n\t\t\t\t<div class=\"elementor-column elementor-col-50 elementor-inner-column elementor-element elementor-element-75cb777\" data-id=\"75cb777\" data-element_type=\"column\">\n\t\t\t<div class=\"elementor-widget-wrap elementor-element-populated\">\n\t\t\t\t\t\t<div class=\"elementor-element elementor-element-3e14569 elementor-widget__width-auto elementor-absolute elementor-hidden-tablet elementor-hidden-mobile elementor-widget elementor-widget-image\" data-id=\"3e14569\" data-element_type=\"widget\" data-settings=\"{&quot;_position&quot;:&quot;absolute&quot;}\" data-widget_type=\"image.default\">\n\t\t\t\t<div class=\"elementor-widget-container\">\n\t\t\t\t\t\t\t\t\t\t\t\t\t\t\t<img decoding=\"async\" width=\"67\" height=\"74\" src=\"https:\/\/na9ra-online.com\/wp-content\/uploads\/2022\/10\/shape-02-08-2.png\" class=\"attachment-large size-large wp-image-653\" alt=\"\" \/>\t\t\t\t\t\t\t\t\t\t\t\t\t\t\t<\/div>\n\t\t\t\t<\/div>\n\t\t\t\t<div class=\"elementor-element elementor-element-add2192 elementor-widget__width-auto elementor-absolute elementor-hidden-tablet elementor-hidden-mobile elementor-widget elementor-widget-image\" data-id=\"add2192\" data-element_type=\"widget\" data-settings=\"{&quot;_position&quot;:&quot;absolute&quot;}\" data-widget_type=\"image.default\">\n\t\t\t\t<div class=\"elementor-widget-container\">\n\t\t\t\t\t\t\t\t\t\t\t\t\t\t\t<img decoding=\"async\" width=\"54\" height=\"59\" src=\"https:\/\/na9ra-online.com\/wp-content\/uploads\/2022\/10\/shape-15-2.png\" class=\"attachment-large size-large wp-image-730\" alt=\"\" \/>\t\t\t\t\t\t\t\t\t\t\t\t\t\t\t<\/div>\n\t\t\t\t<\/div>\n\t\t\t\t\t<\/div>\n\t\t<\/div>\n\t\t\t\t\t<\/div>\n\t\t<\/section>\n\t\t\t\t\t<\/div>\n\t\t<\/div>\n\t\t\t\t\t<\/div>\n\t\t<\/section>\n\t\t\t\t<\/div>","protected":false},"excerpt":{"rendered":"<p>BESOIN D&#8217;AIDE ? Contactez-nous. Notre site Web www.na9ra-online.com Appelez-nous +216 24 423 519 \u00c9crivez-nous contact@na9ra-online.com Notre emplacement Tunisie Your name&#8230;<\/p>","protected":false},"author":1458,"featured_media":0,"parent":0,"menu_order":0,"comment_status":"closed","ping_status":"closed","template":"","meta":{"footnotes":""},"class_list":["post-4361","page","type-page","status-publish","hentry"],"yoast_head":"<!-- This site is optimized with the Yoast SEO plugin v25.6 - https:\/\/yoast.com\/wordpress\/plugins\/seo\/ -->\n<title>Contact : contactez-nous | Na9ra Online<\/title>\n<meta name=\"description\" content=\"Contactez-nous d\u00e8s maintenant pour obtenir des r\u00e9ponses et un service client de qualit\u00e9. Commencez votre parcours vers le succ\u00e8s aujourd&#039;hui.\" \/>\n<meta name=\"robots\" content=\"index, follow, max-snippet:-1, max-image-preview:large, max-video-preview:-1\" \/>\n<link rel=\"canonical\" href=\"https:\/\/na9ra-online.com\/en\/contact\/\" \/>\n<meta property=\"og:locale\" content=\"en_US\" \/>\n<meta property=\"og:type\" content=\"article\" \/>\n<meta property=\"og:title\" content=\"Contact : contactez-nous | Na9ra Online\" \/>\n<meta property=\"og:description\" content=\"Contactez-nous d\u00e8s maintenant pour obtenir des r\u00e9ponses et un service client de qualit\u00e9. Commencez votre parcours vers le succ\u00e8s aujourd&#039;hui.\" \/>\n<meta property=\"og:url\" content=\"https:\/\/na9ra-online.com\/en\/contact\/\" \/>\n<meta property=\"og:site_name\" content=\"Na9ra Online\" \/>\n<meta property=\"article:publisher\" content=\"https:\/\/www.facebook.com\/na9raonline\" \/>\n<meta property=\"article:modified_time\" content=\"2023-08-02T13:48:32+00:00\" \/>\n<meta property=\"og:image\" content=\"https:\/\/na9ra-online.com\/wp-content\/uploads\/2022\/10\/shape-04-01-2.png\" \/>\n<meta name=\"twitter:card\" content=\"summary_large_image\" \/>\n<meta name=\"twitter:label1\" content=\"Est. reading time\" \/>\n\t<meta name=\"twitter:data1\" content=\"1 minute\" \/>\n<script type=\"application\/ld+json\" class=\"yoast-schema-graph\">{\"@context\":\"https:\/\/schema.org\",\"@graph\":[{\"@type\":\"WebPage\",\"@id\":\"https:\/\/na9ra-online.com\/contact\/\",\"url\":\"https:\/\/na9ra-online.com\/contact\/\",\"name\":\"Contact : contactez-nous | Na9ra Online\",\"isPartOf\":{\"@id\":\"https:\/\/na9ra-online.com\/#website\"},\"primaryImageOfPage\":{\"@id\":\"https:\/\/na9ra-online.com\/contact\/#primaryimage\"},\"image\":{\"@id\":\"https:\/\/na9ra-online.com\/contact\/#primaryimage\"},\"thumbnailUrl\":\"https:\/\/na9ra-online.com\/wp-content\/uploads\/2022\/10\/shape-04-01-2.png\",\"datePublished\":\"2022-11-06T14:42:08+00:00\",\"dateModified\":\"2023-08-02T13:48:32+00:00\",\"description\":\"Contactez-nous d\u00e8s maintenant pour obtenir des r\u00e9ponses et un service client de qualit\u00e9. Commencez votre parcours vers le succ\u00e8s aujourd'hui.\",\"breadcrumb\":{\"@id\":\"https:\/\/na9ra-online.com\/contact\/#breadcrumb\"},\"inLanguage\":\"en-US\",\"potentialAction\":[{\"@type\":\"ReadAction\",\"target\":[\"https:\/\/na9ra-online.com\/contact\/\"]}]},{\"@type\":\"ImageObject\",\"inLanguage\":\"en-US\",\"@id\":\"https:\/\/na9ra-online.com\/contact\/#primaryimage\",\"url\":\"https:\/\/na9ra-online.com\/wp-content\/uploads\/2022\/10\/shape-04-01-2.png\",\"contentUrl\":\"https:\/\/na9ra-online.com\/wp-content\/uploads\/2022\/10\/shape-04-01-2.png\"},{\"@type\":\"BreadcrumbList\",\"@id\":\"https:\/\/na9ra-online.com\/contact\/#breadcrumb\",\"itemListElement\":[{\"@type\":\"ListItem\",\"position\":1,\"name\":\"Home\",\"item\":\"https:\/\/na9ra-online.com\/\"},{\"@type\":\"ListItem\",\"position\":2,\"name\":\"Contactez-nous\"}]},{\"@type\":\"WebSite\",\"@id\":\"https:\/\/na9ra-online.com\/#website\",\"url\":\"https:\/\/na9ra-online.com\/\",\"name\":\"Na9ra Online\",\"description\":\"Lib\u00e9rez votre potentiel avec Na9ra Online\",\"publisher\":{\"@id\":\"https:\/\/na9ra-online.com\/#organization\"},\"potentialAction\":[{\"@type\":\"SearchAction\",\"target\":{\"@type\":\"EntryPoint\",\"urlTemplate\":\"https:\/\/na9ra-online.com\/?s={search_term_string}\"},\"query-input\":{\"@type\":\"PropertyValueSpecification\",\"valueRequired\":true,\"valueName\":\"search_term_string\"}}],\"inLanguage\":\"en-US\"},{\"@type\":\"Organization\",\"@id\":\"https:\/\/na9ra-online.com\/#organization\",\"name\":\"Na9ra Online\",\"url\":\"https:\/\/na9ra-online.com\/\",\"logo\":{\"@type\":\"ImageObject\",\"inLanguage\":\"en-US\",\"@id\":\"https:\/\/na9ra-online.com\/#\/schema\/logo\/image\/\",\"url\":\"https:\/\/na9ra-online.com\/wp-content\/uploads\/2023\/08\/Na9ra-Online-Logo.png\",\"contentUrl\":\"https:\/\/na9ra-online.com\/wp-content\/uploads\/2023\/08\/Na9ra-Online-Logo.png\",\"width\":500,\"height\":500,\"caption\":\"Na9ra Online\"},\"image\":{\"@id\":\"https:\/\/na9ra-online.com\/#\/schema\/logo\/image\/\"},\"sameAs\":[\"https:\/\/www.facebook.com\/na9raonline\",\"https:\/\/www.instagram.com\/na9raonline\/\"]}]}<\/script>\n<!-- \/ Yoast SEO plugin. -->","yoast_head_json":{"title":"Contact : contactez-nous | Na9ra Online","description":"Contactez-nous d\u00e8s maintenant pour obtenir des r\u00e9ponses et un service client de qualit\u00e9. Commencez votre parcours vers le succ\u00e8s aujourd'hui.","robots":{"index":"index","follow":"follow","max-snippet":"max-snippet:-1","max-image-preview":"max-image-preview:large","max-video-preview":"max-video-preview:-1"},"canonical":"https:\/\/na9ra-online.com\/en\/contact\/","og_locale":"en_US","og_type":"article","og_title":"Contact : contactez-nous | Na9ra Online","og_description":"Contactez-nous d\u00e8s maintenant pour obtenir des r\u00e9ponses et un service client de qualit\u00e9. Commencez votre parcours vers le succ\u00e8s aujourd'hui.","og_url":"https:\/\/na9ra-online.com\/en\/contact\/","og_site_name":"Na9ra Online","article_publisher":"https:\/\/www.facebook.com\/na9raonline","article_modified_time":"2023-08-02T13:48:32+00:00","og_image":[{"url":"https:\/\/na9ra-online.com\/wp-content\/uploads\/2022\/10\/shape-04-01-2.png","type":"","width":"","height":""}],"twitter_card":"summary_large_image","twitter_misc":{"Est. reading time":"1 minute"},"schema":{"@context":"https:\/\/schema.org","@graph":[{"@type":"WebPage","@id":"https:\/\/na9ra-online.com\/contact\/","url":"https:\/\/na9ra-online.com\/contact\/","name":"Contact : contactez-nous | Na9ra Online","isPartOf":{"@id":"https:\/\/na9ra-online.com\/#website"},"primaryImageOfPage":{"@id":"https:\/\/na9ra-online.com\/contact\/#primaryimage"},"image":{"@id":"https:\/\/na9ra-online.com\/contact\/#primaryimage"},"thumbnailUrl":"https:\/\/na9ra-online.com\/wp-content\/uploads\/2022\/10\/shape-04-01-2.png","datePublished":"2022-11-06T14:42:08+00:00","dateModified":"2023-08-02T13:48:32+00:00","description":"Contactez-nous d\u00e8s maintenant pour obtenir des r\u00e9ponses et un service client de qualit\u00e9. Commencez votre parcours vers le succ\u00e8s aujourd'hui.","breadcrumb":{"@id":"https:\/\/na9ra-online.com\/contact\/#breadcrumb"},"inLanguage":"en-US","potentialAction":[{"@type":"ReadAction","target":["https:\/\/na9ra-online.com\/contact\/"]}]},{"@type":"ImageObject","inLanguage":"en-US","@id":"https:\/\/na9ra-online.com\/contact\/#primaryimage","url":"https:\/\/na9ra-online.com\/wp-content\/uploads\/2022\/10\/shape-04-01-2.png","contentUrl":"https:\/\/na9ra-online.com\/wp-content\/uploads\/2022\/10\/shape-04-01-2.png"},{"@type":"BreadcrumbList","@id":"https:\/\/na9ra-online.com\/contact\/#breadcrumb","itemListElement":[{"@type":"ListItem","position":1,"name":"Home","item":"https:\/\/na9ra-online.com\/"},{"@type":"ListItem","position":2,"name":"Contactez-nous"}]},{"@type":"WebSite","@id":"https:\/\/na9ra-online.com\/#website","url":"https:\/\/na9ra-online.com\/","name":"Na9ra Online","description":"Unlock your potential with Na9ra Online","publisher":{"@id":"https:\/\/na9ra-online.com\/#organization"},"potentialAction":[{"@type":"SearchAction","target":{"@type":"EntryPoint","urlTemplate":"https:\/\/na9ra-online.com\/?s={search_term_string}"},"query-input":{"@type":"PropertyValueSpecification","valueRequired":true,"valueName":"search_term_string"}}],"inLanguage":"en-US"},{"@type":"Organization","@id":"https:\/\/na9ra-online.com\/#organization","name":"Na9ra Online","url":"https:\/\/na9ra-online.com\/","logo":{"@type":"ImageObject","inLanguage":"en-US","@id":"https:\/\/na9ra-online.com\/#\/schema\/logo\/image\/","url":"https:\/\/na9ra-online.com\/wp-content\/uploads\/2023\/08\/Na9ra-Online-Logo.png","contentUrl":"https:\/\/na9ra-online.com\/wp-content\/uploads\/2023\/08\/Na9ra-Online-Logo.png","width":500,"height":500,"caption":"Na9ra Online"},"image":{"@id":"https:\/\/na9ra-online.com\/#\/schema\/logo\/image\/"},"sameAs":["https:\/\/www.facebook.com\/na9raonline","https:\/\/www.instagram.com\/na9raonline\/"]}]}},"_links":{"self":[{"href":"https:\/\/na9ra-online.com\/en\/wp-json\/wp\/v2\/pages\/4361","targetHints":{"allow":["GET"]}}],"collection":[{"href":"https:\/\/na9ra-online.com\/en\/wp-json\/wp\/v2\/pages"}],"about":[{"href":"https:\/\/na9ra-online.com\/en\/wp-json\/wp\/v2\/types\/page"}],"author":[{"embeddable":true,"href":"https:\/\/na9ra-online.com\/en\/wp-json\/wp\/v2\/users\/1458"}],"replies":[{"embeddable":true,"href":"https:\/\/na9ra-online.com\/en\/wp-json\/wp\/v2\/comments?post=4361"}],"version-history":[{"count":0,"href":"https:\/\/na9ra-online.com\/en\/wp-json\/wp\/v2\/pages\/4361\/revisions"}],"wp:attachment":[{"href":"https:\/\/na9ra-online.com\/en\/wp-json\/wp\/v2\/media?parent=4361"}],"curies":[{"name":"wp","href":"https:\/\/api.w.org\/{rel}","templated":true}]}}